{"id":65,"date":"2017-02-28T15:27:00","date_gmt":"2017-02-28T14:27:00","guid":{"rendered":"http:\/\/leonidas-bochum.de\/?page_id=65"},"modified":"2022-09-14T08:59:42","modified_gmt":"2022-09-14T06:59:42","slug":"impressum-datenschutz","status":"publish","type":"page","link":"http:\/\/leonidas-bochum.de\/?page_id=65","title":{"rendered":"Impressum |\u00a0Datenschutz"},"content":{"rendered":"<div class=\"flex_column av_one_half  flex_column_div av-zero-column-padding first  avia-builder-el-0  el_before_av_one_half  avia-builder-el-first  \" style='border-radius:0px; '><section class=\"av_textblock_section \"  itemscope=\"itemscope\" itemtype=\"https:\/\/schema.org\/CreativeWork\" ><div class='avia_textblock  '   itemprop=\"text\" ><p><strong>Verantwortlich im Sinne von \u00a7 5 TMG (Telemediengesetz):<\/strong><\/p>\n<p><strong>Inhaber:<\/strong><\/p>\n<p><strong>Restaurant Leonidas<\/strong><\/p>\n<p>Inh. Nikoletta Siassiou<\/p>\n<p>Annastr. 25 (am Moltkemarkt\/Springerplatz)<br \/>\n44793 Bochum<\/p>\n<p><strong>Tel. 0234\/92 78 70 32<\/strong><\/p>\n<p>St-Nr. 306\/5221\/3176<\/p>\n<p><strong><a href=\"http:\/\/www.leonidas-bochum.de\/\" target=\"_blank\" rel=\"noopener\">www.leonidas-bochum.de<br \/>\n<\/a><\/strong><strong><br \/>\n<\/strong><\/p>\n<\/div><\/section><\/div><div class=\"flex_column av_one_half  flex_column_div av-zero-column-padding   avia-builder-el-2  el_after_av_one_half  el_before_av_one_full  \" style='border-radius:0px; '><section class=\"av_textblock_section \"  itemscope=\"itemscope\" itemtype=\"https:\/\/schema.org\/CreativeWork\" ><div class='avia_textblock  '   itemprop=\"text\" ><p><strong>Design und Programmierung:<\/strong><\/p>\n<p><strong>Top Tipps GmbH<\/strong><\/p>\n<p>Lupinenweg 2<br \/>\n44797 Bochum<\/p>\n<p>Tel.\u00a002 34 \u2013 8 10 22 97<br \/>\nFax\u00a002 34 \u2013 8 10 22 96<\/p>\n<p><a href=\"mailto:info@top-tipps.org\">info@top-tipps.org<br \/>\n<\/a><a href=\"http:\/\/www.top-tipps.org\/\">www.top-tipps.org<\/a><\/p>\n<p>Inhaber: Christiane und Gerhard Emde<br \/>\nHRB: 10368<\/p>\n<p>Bildnachweis:\u00a0<a href=\"http:\/\/www.shutterstock.de\/\" target=\"_blank\" rel=\"noopener\">www.shutterstock.de<\/a><\/p>\n<\/div><\/section><\/div><\/p>\n<div class=\"flex_column av_one_full  flex_column_div av-zero-column-padding first  avia-builder-el-4  el_after_av_one_half  avia-builder-el-last  column-top-margin\" style='border-radius:0px; '><section class=\"av_textblock_section \"  itemscope=\"itemscope\" itemtype=\"https:\/\/schema.org\/CreativeWork\" ><div class='avia_textblock  '   itemprop=\"text\" ><p><strong><u>Allgemeine Datenschutzerkl\u00e4rung<\/u><\/strong><\/p>\n<p>Wir begr\u00fc\u00dfen Sie auf unserer Webseite. Wir nehmen als Betreiber dieser Seiten den Schutz Ihrer pers\u00f6nlichen Daten sehr ernst. Daher behandeln wir Ihre personenbezogenen Daten vertraulich und entsprechend der gesetzlichen Datenschutzvorschriften sowie dieser Datenschutzerkl\u00e4rung. Diese Datenschutzerkl\u00e4rung beruht auf den Begrifflichkeiten der EU \u2013 Datenschutzgrundverordnung (EU-DSGVO) und des neuen Bundesdatenschutzgesetzes.<\/p>\n<p><strong><u>Allgemeine Informationen\u00a0<\/u><\/strong><\/p>\n<p>Die Nutzung unserer Website ist in der Regel ohne Angabe personenbezogener Daten m\u00f6glich. Soweit auf unseren Seiten personenbezogene Daten (beispielsweise Name, Anschrift oder E-Mail-Adressen) erhoben werden, erfolgt dies, soweit m\u00f6glich, stets auf freiwilliger Basis. Diese Daten werden ohne Ihre ausdr\u00fcckliche Zustimmung nicht an Dritte weitergegeben.<\/p>\n<p>Die Verarbeitung personenbezogener Daten erfolgt stets im Einklang mit den geltenden landesspezifischen Datenschutzbestimmungen und in \u00dcbereinstimmung mit der EU-Datenschutzgrundverordnung.<\/p>\n<p>Mit dieser Datenschutzerkl\u00e4rung kl\u00e4ren wir Sie als betroffene Person \u00fcber die Ihnen zustehenden Rechte auf. Zudem haben wir umfangreiche technische und organisatorische Ma\u00dfnahmen umgesetzt, um einen m\u00f6glichst l\u00fcckenlosen Schutz der \u00fcber diese Internetseite verarbeiteten personenbezogenen Daten sicherzustellen. Dennoch k\u00f6nnen internetbasierte Daten\u00fcbertragungen grunds\u00e4tzlich Sicherheitsl\u00fccken aufweisen, sodass ein absoluter Schutz nicht gew\u00e4hrleistet werden kann.<\/p>\n<p><strong><u>Einwilligung in die Verarbeitung\u00a0<\/u><\/strong><\/p>\n<p>Der Nutzer unserer Internetseiten stimmt durch die freiwillige Nutzung einer f\u00fcr den jeweiligen und im Folgenden beschrieben Zweck der Verarbeitung seiner hierf\u00fcr erforderlichen personenbezogenen Daten durch uns zu.<\/p>\n<p>Die angegebenen personenbezogenen Daten sind allein zum Zwecke der Durchf\u00fchrung des Leistungsangebots und eines m\u00f6glichen entstehenden Vertragsverh\u00e4ltnisses f\u00fcr das Leistungsangebot des \u201eBrauhaus Rietk\u00f6tter\u201c notwendig und erforderlich, und werden auf Grundlage gesetzlicher Berechtigungen erhoben. F\u00fcr jede dar\u00fcber hinausgehende Nutzung der personenbezogenen Daten und die Erhebung zus\u00e4tzlicher Informationen bedarf es regelm\u00e4\u00dfig der Einwilligung des Betroffenen. Weiteres dazu -insbesondere das Widerrufsrecht- wird in den nachfolgenden Punkten erl\u00e4utert.<\/p>\n<p><strong><u>Ihre Rechte<\/u><\/strong><\/p>\n<p>Sie haben ein jederzeitiges Auskunfts-, Berichtigungs- und L\u00f6schungsrecht bez\u00fcglich der Verarbeitung und Nutzung Ihrer personenbezogenen Daten sowie ein Recht auf Daten\u00fcbertragung an sich selbst oder Dritte, soweit dieses technisch machbar ist.<\/p>\n<p>Sie haben f\u00fcr bereits erteilte Einwilligungen das Recht diese f\u00fcr die Zukunft zu widerrufen. Ebenfalls k\u00f6nnen Sie der k\u00fcnftigen Verarbeitung und Nutzung Ihrer personenbezogenen Daten f\u00fcr die Zukunft widersprechen.<\/p>\n<p>Diese Rechte k\u00f6nnen Sie gegen\u00fcber dem Brauhaus Rietk\u00f6tter jederzeit \u00fcber die E-Mail-Adresse:<strong><a href=\"mailto:info@leonidas-bochum.de\">info@leonidas-bochum.de<\/a><\/strong>\u00a0geltend machen.<\/p>\n<p>Dar\u00fcber hinaus steht Ihnen im Falle datenschutzrechtlicher Verst\u00f6\u00dfe bei der zust\u00e4ndigen Aufsichtsbeh\u00f6rde zu. Zust\u00e4ndige Aufsichtsbeh\u00f6rde in datenschutzrechtlichen Fragen ist der Landesdatenschutzbeauftragte des Bundeslandes, in dem unser Unternehmen seinen Sitz hat.<\/p>\n<p><strong><u>Kontaktm\u00f6glichkeit \u00fcber die Internetseite<\/u><\/strong><\/p>\n<p>Wenn Sie uns per Kontaktformular Anfragen zukommen lassen, werden Ihre Angaben aus dem Anfrageformular sowie Ihre Kontaktdaten zwecks Bearbeitung ihrer Anfrage, Kontaktaufnahme und f\u00fcr die weitergehende Bearbeitung bei uns gespeichert.<\/p>\n<p>Die von Ihnen im Kontaktformular eingegebenen Daten verbleiben bei uns, bis Sie uns zur L\u00f6schung auffordern, Ihre Einwilligung zur Speicherung widerrufen oder der Zweck f\u00fcr die Datenspeicherung entf\u00e4llt. Zwingende gesetzliche Bestimmungen \u2013 insbesondere Aufbewahrungsfristen \u2013 bleiben hiervon unber\u00fchrt. Es erfolgt keine Weitergabe dieser personenbezogenen Daten an Dritte.<\/p>\n<p><strong>Cookies<\/strong><\/p>\n<p>Die Internetseiten verwenden teilweise sogenannte Cookies. Cookies richten auf Ihrem Rechner keinen Schaden an und enthalten keine Viren. Cookies dienen dazu, unser Angebot nutzerfreundlicher, effektiver und sicherer zu machen. Cookies sind kleine Textdateien, welche \u00fcber einen Internetbrowser auf einem Computersystem abgelegt und vom Browser gespeichert werden.<\/p>\n<p>Zahlreiche Internetseiten und Server verwenden Cookies. Viele Cookies enthalten eine sogenannte Cookie-ID. Eine Cookie-ID ist eine eindeutige Kennung des Cookies. Sie besteht aus einer Zeichenfolge, durch welche Internetseiten und Server dem konkreten Internetbrowser zugeordnet werden k\u00f6nnen, in dem das Cookie gespeichert wurde. Dies erm\u00f6glicht es den besuchten Internetseiten und Servern, den individuellen Browser der betroffenen Person von anderen Internetbrowsern, die andere Cookies enthalten, zu unterscheiden. Ein bestimmter Internetbrowser kann \u00fcber die eindeutige Cookie-ID wiedererkannt und identifiziert werden.<\/p>\n<p>Die meisten der von uns verwendeten Cookies sind so genannte \u201eSession-Cookies\u201c. Sie werden nach Ende Ihres Besuchs automatisch gel\u00f6scht. Andere Cookies bleiben auf Ihrem Endger\u00e4t gespeichert, bis Sie diese l\u00f6schen. Diese Cookies erm\u00f6glichen es uns, Ihren Browser beim n\u00e4chsten Besuch wiederzuerkennen.<\/p>\n<p>Sie k\u00f6nnen Ihren Browser so einstellen, dass Sie \u00fcber das Setzen von Cookies informiert werden und Cookies nur im Einzelfall erlauben, die Annahme von Cookies f\u00fcr bestimmte F\u00e4lle oder generell ausschlie\u00dfen sowie das automatische L\u00f6schen der Cookies beim Schlie\u00dfen des Browsers aktivieren. Sie k\u00f6nnen auch die Setzung von Cookies durch unsere Internetseite jederzeit mittels einer entsprechenden Einstellung des genutzten Internetbrowsers verhindern und damit der Setzung von Cookies dauerhaft widersprechen. Bei der Deaktivierung von Cookies kann die Funktionalit\u00e4t dieser Website eingeschr\u00e4nkt sein.<\/p>\n<p><strong><u>Server Log Files\u00a0<\/u><\/strong><\/p>\n<p>Der Provider der Seiten erhebt mit jedem Aufruf der Internetseite eine Reihe von allgemeinen Daten und Informationen und speichert automatisch Informationen in so genannten Server-Log Files, die Ihr Browser automatisch an uns \u00fcbermittelt. Dies sind:<\/p>\n<ul>\n<li>Browsertyp und Browserversion<\/li>\n<li>verwendetes Betriebssystem<\/li>\n<li>Referrer URL<\/li>\n<li>Hostname des zugreifenden Rechners<\/li>\n<li>Uhrzeit der Serveranfrage<\/li>\n<li>IP Adresse<\/li>\n<\/ul>\n<p>Eine Zusammenf\u00fchrung dieser Daten mit anderen Datenquellen wird nicht vorgenommen. Wir behalten uns vor, diese Daten nachtr\u00e4glich zu pr\u00fcfen, wenn uns konkrete Anhaltspunkte f\u00fcr eine rechtswidrige Nutzung bekannt werden. Die anonymen Daten der Server-Logfiles werden getrennt von allen durch eine betroffene Person angegebenen personenbezogenen Daten gespeichert.<\/p>\n<p><strong><u>Google Web Fonts<\/u><\/strong><\/p>\n<p>Diese Seite nutzt zur einheitlichen Darstellung von Schriftarten so genannte Web Fonts, die von Google bereitgestellt werden. Beim Aufruf einer Seite l\u00e4dt Ihr Browser die ben\u00f6tigten Web Fonts in ihren Browsercache, um Texte und Schriftarten korrekt anzuzeigen.<\/p>\n<p>Zu diesem Zweck muss der von Ihnen verwendete Browser Verbindung zu den Servern von Google aufnehmen. Hierdurch erlangt Google Kenntnis dar\u00fcber, dass \u00fcber Ihre IP-Adresse unsere Website aufgerufen wurde. Die Nutzung von Google Web Fonts erfolgt im Interesse einer einheitlichen und ansprechenden Darstellung unserer Online-Angebote. Dies stellt ein berechtigtes Interesse im Sinne von Art. 6 Abs. 1 lit. f DSGVO dar.<\/p>\n<p>Wenn Ihr Browser Web Fonts nicht unterst\u00fctzt, wird eine Standardschrift von Ihrem Computer genutzt. Weitere Informationen zu Google Web Fonts finden Sie unter<br \/>\nhttps:\/\/developers.google.com\/fonts\/faq und in der Datenschutzerkl\u00e4rung von Google: https:\/\/www.google.com\/policies\/privacy\/.<\/p>\n<p><strong><u>Google Maps<\/u><\/strong><\/p>\n<p>Diese Seite nutzt \u00fcber eine API den Kartendienst Google Maps. Anbieter ist die Google Inc., 1600 Amphitheatre Parkway, Mountain View, CA 94043, USA.<\/p>\n<p>Zur Nutzung der Funktionen von Google Maps ist es notwendig, Ihre IP Adresse zu speichern. Diese Informationen werden in der Regel an einen Server von Google in den USA \u00fcbertragen und dort gespeichert. Der Anbieter dieser Seite hat keinen Einfluss auf diese Daten\u00fcbertragung. Die Nutzung von Google Maps erfolgt im Interesse einer ansprechenden Darstellung unserer Online-Angebote und an einer leichten Auffindbarkeit der von uns auf der Website angegebenen Orte. Dies stellt ein berechtigtes Interesse im Sinne von Art. 6 Abs. 1 lit. f DSGVO dar.<\/p>\n<p>Mehr Informationen zum Umgang mit Nutzerdaten finden Sie in der Datenschutzerkl\u00e4rung von Google: https:\/\/www.google.de\/intl\/de\/policies\/privacy\/.<\/p>\n<p><strong><u>\u00c4nderungen und Aktualisierungen der Datenschutzerkl\u00e4rung<\/u><\/strong><\/p>\n<p>Wir bitten Sie sich regelm\u00e4\u00dfig \u00fcber den Inhalt unserer Datenschutzerkl\u00e4rung zu informieren. Wir passen die Datenschutzerkl\u00e4rung an, sobald die \u00c4nderungen der von uns durchgef\u00fchrten Datenverarbeitungen dies erforderlich machen. Wir informieren Sie, sobald durch die \u00c4nderungen eine Mitwirkungshandlung Ihrerseits (z.B. Einwilligung) oder eine sonstige individuelle Benachrichtigung erforderlich wird.<\/p>\n<p>Weitere Informationen<\/p>\n<p>Ihr Vertrauen ist uns wichtig. Daher m\u00f6chten wir Ihnen jederzeit Rede und Antwort bez\u00fcglich der Verarbeitung Ihrer personenbezogenen Daten stehen. Wenn Sie Fragen haben, die Ihnen diese Datenschutzerkl\u00e4rung nicht beantworten konnte oder wenn Sie zu einem Punkt vertiefte Informationen w\u00fcnschen, wenden Sie sich bitte jederzeit an (<strong><a href=\"mailto:info@leonidas-bochum.de\">info@leonidas-bochum.de<\/a><\/strong>).<\/p>\n<\/div><\/section><\/div>\n","protected":false},"excerpt":{"rendered":"","protected":false},"author":2,"featured_media":0,"parent":0,"menu_order":0,"comment_status":"closed","ping_status":"closed","template":"","meta":{"footnotes":""},"class_list":["post-65","page","type-page","status-publish","hentry"],"_links":{"self":[{"href":"http:\/\/leonidas-bochum.de\/index.php?rest_route=\/wp\/v2\/pages\/65","targetHints":{"allow":["GET"]}}],"collection":[{"href":"http:\/\/leonidas-bochum.de\/index.php?rest_route=\/wp\/v2\/pages"}],"about":[{"href":"http:\/\/leonidas-bochum.de\/index.php?rest_route=\/wp\/v2\/types\/page"}],"author":[{"embeddable":true,"href":"http:\/\/leonidas-bochum.de\/index.php?rest_route=\/wp\/v2\/users\/2"}],"replies":[{"embeddable":true,"href":"http:\/\/leonidas-bochum.de\/index.php?rest_route=%2Fwp%2Fv2%2Fcomments&post=65"}],"version-history":[{"count":8,"href":"http:\/\/leonidas-bochum.de\/index.php?rest_route=\/wp\/v2\/pages\/65\/revisions"}],"predecessor-version":[{"id":218,"href":"http:\/\/leonidas-bochum.de\/index.php?rest_route=\/wp\/v2\/pages\/65\/revisions\/218"}],"wp:attachment":[{"href":"http:\/\/leonidas-bochum.de\/index.php?rest_route=%2Fwp%2Fv2%2Fmedia&parent=65"}],"curies":[{"name":"wp","href":"https:\/\/api.w.org\/{rel}","templated":true}]}}